{"id":9,"date":"2022-05-16T12:54:24","date_gmt":"2022-05-16T10:54:24","guid":{"rendered":"https:\/\/familienausbrecher.de\/?page_id=9"},"modified":"2023-03-23T16:26:04","modified_gmt":"2023-03-23T15:26:04","slug":"worum-es-geht","status":"publish","type":"page","link":"https:\/\/familienausbrecher.de\/?page_id=9","title":{"rendered":"Worum es geht"},"content":{"rendered":"\t\t<div data-elementor-type=\"wp-page\" data-elementor-id=\"9\" class=\"elementor elementor-9\">\n\t\t\t\t\t\t<section class=\"elementor-section elementor-top-section elementor-element elementor-element-598ef54d elementor-section-boxed elementor-section-height-default elementor-section-height-default\" data-id=\"598ef54d\" data-element_type=\"section\" data-e-type=\"section\">\n\t\t\t\t\t\t<div class=\"elementor-container elementor-column-gap-default\">\n\t\t\t\t\t<div class=\"aux-parallax-section elementor-column elementor-col-50 elementor-top-column elementor-element elementor-element-85b52d7\" data-id=\"85b52d7\" data-element_type=\"column\" data-e-type=\"column\">\n\t\t\t<div class=\"elementor-widget-wrap elementor-element-populated\">\n\t\t\t\t\t\t<div class=\"elementor-element elementor-element-e8614e8 elementor-invisible elementor-widget elementor-widget-image\" data-id=\"e8614e8\" data-element_type=\"widget\" data-e-type=\"widget\" data-settings=\"{&quot;_animation&quot;:&quot;fadeInLeft&quot;}\" data-widget_type=\"image.default\">\n\t\t\t\t<div class=\"elementor-widget-container\">\n\t\t\t\t\t\t\t\t\t\t\t\t\t\t\t<img decoding=\"async\" src=\"https:\/\/familienausbrecher.de\/wp-content\/uploads\/2022\/05\/family3_header-e1658151042115.jpg\" title=\"family3_header\" alt=\"family3_header\" loading=\"lazy\" \/>\t\t\t\t\t\t\t\t\t\t\t\t\t\t\t<\/div>\n\t\t\t\t<\/div>\n\t\t\t\t\t<\/div>\n\t\t<\/div>\n\t\t\t\t<div class=\"aux-parallax-section elementor-column elementor-col-50 elementor-top-column elementor-element elementor-element-f0d044e\" data-id=\"f0d044e\" data-element_type=\"column\" data-e-type=\"column\">\n\t\t\t<div class=\"elementor-widget-wrap elementor-element-populated\">\n\t\t\t\t\t\t<div class=\"elementor-element elementor-element-3a302593 elementor-widget elementor-widget-text-editor\" data-id=\"3a302593\" data-element_type=\"widget\" data-e-type=\"widget\" data-widget_type=\"text-editor.default\">\n\t\t\t\t<div class=\"elementor-widget-container\">\n\t\t\t\t\t\t\t\t\t\n<p><br \/>Bist Du ein erwachsenes Kind, das den Kontakt zu seinen Eltern oder einem Elternteil abgebrochen hat?<br \/><br \/>Leidest Du unter der Situation? Hast du ein schlechtes Gewissen?<br \/>Oder bist Du der \u00dcberzeugung, dass Du die richtige Entscheidung getroffen hast? <br \/>Gibt es vielleicht sogar auch positive Ver\u00e4nderungen, <br \/>die Du an Dir oder Deiner Umwelt beobachtest?<br \/><br \/>Egal, wie Du zu dem Thema stehst. <br \/>Ob Du es bereust und am liebsten r\u00fcckg\u00e4ngig machen w\u00fcrdest oder <br \/>ob Du dahinter stehst und auch anderen Betroffenen dazu raten w\u00fcrdest.<\/p>\n\t\t\t\t\t\t\t\t<\/div>\n\t\t\t\t<\/div>\n\t\t\t\t\t<\/div>\n\t\t<\/div>\n\t\t\t\t\t<\/div>\n\t\t<\/section>\n\t\t\t\t<section class=\"elementor-section elementor-top-section elementor-element elementor-element-19c608b elementor-section-boxed elementor-section-height-default elementor-section-height-default\" data-id=\"19c608b\" data-element_type=\"section\" data-e-type=\"section\">\n\t\t\t\t\t\t<div class=\"elementor-container elementor-column-gap-default\">\n\t\t\t\t\t<div class=\"aux-parallax-section elementor-column elementor-col-100 elementor-top-column elementor-element elementor-element-2b26cb6\" data-id=\"2b26cb6\" data-element_type=\"column\" data-e-type=\"column\">\n\t\t\t<div class=\"elementor-widget-wrap elementor-element-populated\">\n\t\t\t\t\t\t<div class=\"elementor-element elementor-element-79c2970 elementor-widget elementor-widget-text-editor\" data-id=\"79c2970\" data-element_type=\"widget\" data-e-type=\"widget\" data-widget_type=\"text-editor.default\">\n\t\t\t\t<div class=\"elementor-widget-container\">\n\t\t\t\t\t\t\t\t\t<p>Wir, <strong>die Familienausbrecher<\/strong>, verstehen uns als Anlaufstelle und Selbsthilfegruppe f\u00fcr <strong>Dich<\/strong> bzw. <b>Euch<\/b>! <br \/>Wir wissen, dass jede Entscheidung individuell ist. Niemals wird sie leichtfertig und ohne Grund getroffen.<br \/>Zudem belastet sie h\u00e4ufig die Seele.<br \/><br \/>Gleichgesinnten wird hier eine Plattform geboten, um einander zu finden und in Kontakt zu treten.<br \/>Wir m\u00f6chten einander helfen. Auch Treffen sind zuk\u00fcnftig geplant.<br \/><br \/>Nat\u00fcrlich sind auch Verwandte und Freunde von sogenannten &#8222;Familienausbrechern&#8220; in unserer Selbsthilfegruppe herzlich willkommen!<br \/>(<b>mit Ausnahme der geblockten Personen nat\u00fcrlich, denn dies bleibt immer die Entscheidung des Kontaktabbrechers<br \/>und diese Entscheidung akzeptieren wir voll und ganz<\/b>)<\/p>\t\t\t\t\t\t\t\t<\/div>\n\t\t\t\t<\/div>\n\t\t\t\t\t<\/div>\n\t\t<\/div>\n\t\t\t\t\t<\/div>\n\t\t<\/section>\n\t\t\t\t<section class=\"elementor-section elementor-top-section elementor-element elementor-element-a0c2013 elementor-section-boxed elementor-section-height-default elementor-section-height-default\" data-id=\"a0c2013\" data-element_type=\"section\" data-e-type=\"section\">\n\t\t\t\t\t\t<div class=\"elementor-container elementor-column-gap-default\">\n\t\t\t\t\t<div class=\"aux-parallax-section elementor-column elementor-col-100 elementor-top-column elementor-element elementor-element-7824084\" data-id=\"7824084\" data-element_type=\"column\" data-e-type=\"column\">\n\t\t\t<div class=\"elementor-widget-wrap elementor-element-populated\">\n\t\t\t\t\t\t<div class=\"elementor-element elementor-element-4d18a98 elementor-widget-divider--view-line elementor-widget elementor-widget-divider\" data-id=\"4d18a98\" data-element_type=\"widget\" data-e-type=\"widget\" data-widget_type=\"divider.default\">\n\t\t\t\t<div class=\"elementor-widget-container\">\n\t\t\t\t\t\t\t<div class=\"elementor-divider\">\n\t\t\t<span class=\"elementor-divider-separator\">\n\t\t\t\t\t\t<\/span>\n\t\t<\/div>\n\t\t\t\t\t\t<\/div>\n\t\t\t\t<\/div>\n\t\t\t\t\t<\/div>\n\t\t<\/div>\n\t\t\t\t\t<\/div>\n\t\t<\/section>\n\t\t\t\t<section class=\"elementor-section elementor-top-section elementor-element elementor-element-03973ed elementor-section-boxed elementor-section-height-default elementor-section-height-default\" data-id=\"03973ed\" data-element_type=\"section\" data-e-type=\"section\">\n\t\t\t\t\t\t<div class=\"elementor-container elementor-column-gap-default\">\n\t\t\t\t\t<div class=\"aux-parallax-section elementor-column elementor-col-100 elementor-top-column elementor-element elementor-element-c9a6a14\" data-id=\"c9a6a14\" data-element_type=\"column\" data-e-type=\"column\">\n\t\t\t<div class=\"elementor-widget-wrap elementor-element-populated\">\n\t\t\t\t\t\t<div class=\"elementor-element elementor-element-d579600 aux-appear-watch-animation aux-fade-in elementor-widget elementor-widget-aux_modern_heading\" data-id=\"d579600\" data-element_type=\"widget\" data-e-type=\"widget\" data-widget_type=\"aux_modern_heading.default\">\n\t\t\t\t<div class=\"elementor-widget-container\">\n\t\t\t\t\t<section class=\"aux-widget-modern-heading\">\n            <div class=\"aux-widget-inner\"><h2 class=\"aux-modern-heading-primary\">Playlist mit Youtube-Videos zum Thema<\/h2><div class=\"aux-modern-heading-divider\"><\/div><\/div>\n        <\/section>\t\t\t\t<\/div>\n\t\t\t\t<\/div>\n\t\t\t\t\t<\/div>\n\t\t<\/div>\n\t\t\t\t\t<\/div>\n\t\t<\/section>\n\t\t\t\t<section class=\"elementor-section elementor-top-section elementor-element elementor-element-d959c2b elementor-section-boxed elementor-section-height-default elementor-section-height-default\" data-id=\"d959c2b\" data-element_type=\"section\" data-e-type=\"section\">\n\t\t\t\t\t\t<div class=\"elementor-container elementor-column-gap-default\">\n\t\t\t\t\t<div class=\"aux-parallax-section elementor-column elementor-col-100 elementor-top-column elementor-element elementor-element-49e2354\" data-id=\"49e2354\" data-element_type=\"column\" data-e-type=\"column\">\n\t\t\t<div class=\"elementor-widget-wrap elementor-element-populated\">\n\t\t\t\t\t\t<div class=\"elementor-element elementor-element-5b212d8 elementor-widget__width-initial elementor-widget elementor-widget-text-editor\" data-id=\"5b212d8\" data-element_type=\"widget\" data-e-type=\"widget\" data-widget_type=\"text-editor.default\">\n\t\t\t\t<div class=\"elementor-widget-container\">\n\t\t\t\t\t\t\t\t\t<p><a href=\"https:\/\/www.youtube.com\/playlist?list=PLUbUPb3_kXTuCbVQAnyNDXwNwojmy_cZq\" target=\"_blank\" rel=\"noopener\">Bitte hier klicken!<\/a><\/p>\t\t\t\t\t\t\t\t<\/div>\n\t\t\t\t<\/div>\n\t\t\t\t\t<\/div>\n\t\t<\/div>\n\t\t\t\t\t<\/div>\n\t\t<\/section>\n\t\t\t\t<section class=\"elementor-section elementor-top-section elementor-element elementor-element-20a7413 elementor-section-boxed elementor-section-height-default elementor-section-height-default\" data-id=\"20a7413\" data-element_type=\"section\" data-e-type=\"section\">\n\t\t\t\t\t\t<div class=\"elementor-container elementor-column-gap-default\">\n\t\t\t\t\t<div class=\"aux-parallax-section elementor-column elementor-col-100 elementor-top-column elementor-element elementor-element-a3b99b7\" data-id=\"a3b99b7\" data-element_type=\"column\" data-e-type=\"column\">\n\t\t\t<div class=\"elementor-widget-wrap elementor-element-populated\">\n\t\t\t\t\t\t<div class=\"elementor-element elementor-element-246c801 elementor-widget-divider--view-line elementor-widget elementor-widget-divider\" data-id=\"246c801\" data-element_type=\"widget\" data-e-type=\"widget\" data-widget_type=\"divider.default\">\n\t\t\t\t<div class=\"elementor-widget-container\">\n\t\t\t\t\t\t\t<div class=\"elementor-divider\">\n\t\t\t<span class=\"elementor-divider-separator\">\n\t\t\t\t\t\t<\/span>\n\t\t<\/div>\n\t\t\t\t\t\t<\/div>\n\t\t\t\t<\/div>\n\t\t\t\t\t<\/div>\n\t\t<\/div>\n\t\t\t\t\t<\/div>\n\t\t<\/section>\n\t\t\t\t<section class=\"elementor-section elementor-top-section elementor-element elementor-element-d0247e4 elementor-section-boxed elementor-section-height-default elementor-section-height-default\" data-id=\"d0247e4\" data-element_type=\"section\" data-e-type=\"section\">\n\t\t\t\t\t\t<div class=\"elementor-container elementor-column-gap-default\">\n\t\t\t\t\t<div class=\"aux-parallax-section elementor-column elementor-col-100 elementor-top-column elementor-element elementor-element-8e28f5d\" data-id=\"8e28f5d\" data-element_type=\"column\" data-e-type=\"column\">\n\t\t\t<div class=\"elementor-widget-wrap elementor-element-populated\">\n\t\t\t\t\t\t<div class=\"elementor-element elementor-element-97df96b aux-appear-watch-animation aux-fade-in elementor-widget elementor-widget-aux_modern_heading\" data-id=\"97df96b\" data-element_type=\"widget\" data-e-type=\"widget\" data-widget_type=\"aux_modern_heading.default\">\n\t\t\t\t<div class=\"elementor-widget-container\">\n\t\t\t\t\t<section class=\"aux-widget-modern-heading\">\n            <div class=\"aux-widget-inner\"><h2 class=\"aux-modern-heading-primary\">Sammlung hoffentlich hilfreicher und lesenswerter Links<\/h2><div class=\"aux-modern-heading-divider\"><\/div><\/div>\n        <\/section>\t\t\t\t<\/div>\n\t\t\t\t<\/div>\n\t\t\t\t\t<\/div>\n\t\t<\/div>\n\t\t\t\t\t<\/div>\n\t\t<\/section>\n\t\t\t\t<section class=\"elementor-section elementor-top-section elementor-element elementor-element-663d750 elementor-section-boxed elementor-section-height-default elementor-section-height-default\" data-id=\"663d750\" data-element_type=\"section\" data-e-type=\"section\">\n\t\t\t\t\t\t<div class=\"elementor-container elementor-column-gap-default\">\n\t\t\t\t\t<div class=\"aux-parallax-section elementor-column elementor-col-100 elementor-top-column elementor-element elementor-element-79e4e01\" data-id=\"79e4e01\" data-element_type=\"column\" data-e-type=\"column\">\n\t\t\t<div class=\"elementor-widget-wrap elementor-element-populated\">\n\t\t\t\t\t\t<div class=\"elementor-element elementor-element-a7746ef elementor-widget elementor-widget-text-editor\" data-id=\"a7746ef\" data-element_type=\"widget\" data-e-type=\"widget\" data-widget_type=\"text-editor.default\">\n\t\t\t\t<div class=\"elementor-widget-container\">\n\t\t\t\t\t\t\t\t\t<p><!-- \/wp:paragraph --><!-- wp:heading {\"level\":4} --><\/p>\n<h4>Aus Sicht der erwachsenen Kinder, den &#8222;Familienausbrechern&#8220;:<\/h4>\n<p><!-- \/wp:heading --><!-- wp:list --><\/p>\n<ul>\n<li><a href=\"https:\/\/www.familie.de\/familienleben\/eltern\/kontaktabbruch-eltern\/\" target=\"_blank\" rel=\"noreferrer noopener\">Kontaktabbruch mit den Eltern: Das Ende einer oft langen Leidensgeschichte<\/a><\/li>\n<li><a href=\"https:\/\/www.sonntagsblatt.de\/artikel\/familie\/wenn-kinder-keinen-kontakt-zu-ihren-eltern-wollen\" target=\"_blank\" rel=\"noreferrer noopener\">Wenn Kinder keinen Kontakt zu ihren Eltern wollen<\/a><\/li>\n<li><a href=\"https:\/\/www.deutschlandfunknova.de\/beitrag\/familie-weil-sich-probleme-jahrelang-anstauen-bleibt-fuer-manche-nur-der-kontaktabbruch\" target=\"_blank\" rel=\"noreferrer noopener\">Wenn wir den Kontakt abbrechen<\/a><\/li>\n<li><a href=\"https:\/\/www.br.de\/nachrichten\/bayern\/freiwilliger-abschied-von-der-familie,68v36ctm60w38d9h70vk8dhn68rkc\" target=\"_blank\" rel=\"noreferrer noopener\">Der schwierige Abschied von der Familie<\/a><\/li>\n<li><a href=\"https:\/\/mamimio.de\/wenn-kinder-den-kontakt-abbrechen-gruende-mehr\/\" target=\"_blank\" rel=\"noreferrer noopener\">Wenn Kinder den Kontakt abbrechen<\/a><\/li>\n<li><a href=\"https:\/\/www.buzzfeed.de\/buzz\/verhaltensweisen-erziehung-kinder-liste-26-toxische-eltern-anzeichen-problematische-91748874.html\" target=\"_blank\" rel=\"noopener\">26 Anzeichen f\u00fcr toxische Eltern<\/a><\/li>\n<li><a href=\"https:\/\/amp.focus.de\/familie\/erziehung\/paartherapeut-klaert-auf-wenn-eltern-zu-viel-kraft-rauben-wann-es-zeit-ist-abstand-zu-nehmen_id_183564146.html\" target=\"_blank\" rel=\"noopener\">Wann es Zeit ist, Abstand zu nehmen<\/a><\/li>\n<\/ul>\n<p><!-- \/wp:list --><!-- wp:heading {\"level\":4} --><\/p>\n<h4>Aus Sicht der Eltern, die verlassen worden sind:<\/h4>\n<p><!-- \/wp:heading --><!-- wp:list --><\/p>\n<ul>\n<li><a href=\"https:\/\/www.brigitte.de\/liebe\/beziehung\/kinder---eltern--verlassene-eltern--wenn-kinder-den-kontakt-abbrechen-10181286.html\" target=\"_blank\" rel=\"noreferrer noopener\" data-type=\"URL\" data-id=\"https:\/\/www.brigitte.de\/liebe\/beziehung\/kinder---eltern--verlassene-eltern--wenn-kinder-den-kontakt-abbrechen-10181286.html\">Verlassene Eltern: Wenn Kinder den Kontakt abbrechen<\/a><\/li>\n<li><a href=\"https:\/\/www.zeit.de\/zeit-magazin\/leben\/2018-12\/familienstreit-eltern-kinder-kontaktabbruch-liebe\" target=\"_blank\" rel=\"noreferrer noopener\">&#8222;Es ist wie Liebeskummer, nur schlimmer&#8220;<\/a><\/li>\n<li><a href=\"https:\/\/www.family.de\/kontakt-abgebrochen\/\" target=\"_blank\" rel=\"noreferrer noopener\">Kontakt abgebrochen<\/a><\/li>\n<li><a href=\"https:\/\/www.derstandard.de\/story\/2000134306172\/mama-papa-es-ist-aus\" target=\"_blank\" rel=\"noreferrer noopener\">Mama, Papa, es ist aus!<\/a><\/li>\n<li><a href=\"https:\/\/www.deutschlandfunkkultur.de\/wenn-kinder-ihre-eltern-verlassen-ich-weiss-bis-heute-nicht-100.html\" target=\"_blank\" rel=\"noopener\">&#8222;Ich wei\u00df bis heute nicht, warum!&#8220; &#8211; Wenn Kinder ihre Eltern verlassen<\/a><\/li>\n<li><a href=\"https:\/\/www.sueddeutsche.de\/muenchen\/hilfe-fuer-muetter-und-vaeter-geteiltes-leid-1.3988838\" target=\"_blank\" rel=\"noopener\">Wenn Kinder den Kontakt zu den Eltern abbrechen<\/a><\/li>\n<\/ul>\n<p><!-- \/wp:list --><!-- wp:heading {\"level\":4} --><\/p>\n<h4>Sowohl als auch:<\/h4>\n<p><!-- \/wp:heading --><!-- wp:list --><\/p>\n<ul id=\"block-3de495fa-ab5b-4ec2-8a62-5250187881f6\">\n<li><a href=\"https:\/\/www.tk.de\/techniker\/magazin\/life-balance\/wohlbefinden\/holistic-health-ungesunde-familienverhaeltnisse-2120748?tkcm=aaus\" target=\"_blank\" rel=\"noreferrer noopener\">Funk\u00adstille: Wenn Kinder den Kontakt zu ihren Eltern abbre\u00adchen<\/a><\/li>\n<li><a href=\"https:\/\/www.zeit.de\/zett\/2020-05\/warum-menschen-den-kontakt-zu-ihren-familien-abbrechen\" target=\"_blank\" rel=\"noreferrer noopener\">Warum Menschen den Kontakt zu ihren Familien abbrechen<\/a><\/li>\n<li><a href=\"https:\/\/socialmatch.de\/blog\/kontaktabbruch\/\" target=\"_blank\" rel=\"noreferrer noopener\">Kontaktabbruch: 16 Gr\u00fcnde und 5 L\u00f6sungswege<\/a><\/li>\n<li><a href=\"https:\/\/www.psychologytoday.com\/us\/blog\/invisible-bruises\/202208\/7-behaviors-might-indicate-childhood-emotional-neglect\" target=\"_blank\" rel=\"noopener\">7 Behaviors That Might Indicate Childhood Emotional Neglect<\/a><\/li>\n<\/ul>\n<p><!-- \/wp:list --><!-- wp:paragraph --><\/p>\n<p>Fehlt hier ein Link, den wir noch unbedingt mit Euch teilen sollten?<br \/><a href=\"mailto:mail@familienausbrecher.de?subject=Linkvorschlag\" target=\"_blank\" rel=\"noopener\">Dann melde Dich bei uns!<\/a> Danke!<\/p>\t\t\t\t\t\t\t\t<\/div>\n\t\t\t\t<\/div>\n\t\t\t\t\t<\/div>\n\t\t<\/div>\n\t\t\t\t\t<\/div>\n\t\t<\/section>\n\t\t\t\t<\/div>\n\t\t","protected":false},"excerpt":{"rendered":"<p>Bist Du ein erwachsenes Kind, das den Kontakt zu seinen Eltern oder einem Elternteil abgebrochen hat? Leidest Du unter der Situation? Hast du ein schlechtes Gewissen?Oder bist Du der \u00dcberzeugung, dass Du die richtige Entscheidung getroffen hast? Gibt es vielleicht sogar auch positive Ver\u00e4nderungen, die Du an Dir oder Deiner Umwelt beobachtest? Egal, wie Du [&hellip;]<\/p>\n","protected":false},"author":1,"featured_media":0,"parent":0,"menu_order":0,"comment_status":"closed","ping_status":"closed","template":"","meta":{"footnotes":""},"class_list":["post-9","page","type-page","status-publish","hentry"],"_links":{"self":[{"href":"https:\/\/familienausbrecher.de\/index.php?rest_route=\/wp\/v2\/pages\/9","targetHints":{"allow":["GET"]}}],"collection":[{"href":"https:\/\/familienausbrecher.de\/index.php?rest_route=\/wp\/v2\/pages"}],"about":[{"href":"https:\/\/familienausbrecher.de\/index.php?rest_route=\/wp\/v2\/types\/page"}],"author":[{"embeddable":true,"href":"https:\/\/familienausbrecher.de\/index.php?rest_route=\/wp\/v2\/users\/1"}],"replies":[{"embeddable":true,"href":"https:\/\/familienausbrecher.de\/index.php?rest_route=%2Fwp%2Fv2%2Fcomments&post=9"}],"version-history":[{"count":128,"href":"https:\/\/familienausbrecher.de\/index.php?rest_route=\/wp\/v2\/pages\/9\/revisions"}],"predecessor-version":[{"id":1181,"href":"https:\/\/familienausbrecher.de\/index.php?rest_route=\/wp\/v2\/pages\/9\/revisions\/1181"}],"wp:attachment":[{"href":"https:\/\/familienausbrecher.de\/index.php?rest_route=%2Fwp%2Fv2%2Fmedia&parent=9"}],"curies":[{"name":"wp","href":"https:\/\/api.w.org\/{rel}","templated":true}]}}