{"id":471,"date":"2018-11-05T07:46:00","date_gmt":"2018-11-05T06:46:00","guid":{"rendered":"https:\/\/familienausbrecher.de\/?page_id=471"},"modified":"2023-03-27T15:46:45","modified_gmt":"2023-03-27T13:46:45","slug":"home","status":"publish","type":"page","link":"https:\/\/familienausbrecher.de\/","title":{"rendered":"Startseite"},"content":{"rendered":"\t\t<div data-elementor-type=\"wp-post\" data-elementor-id=\"471\" class=\"elementor elementor-471\">\n\t\t\t\t\t\t<section class=\"elementor-section elementor-top-section elementor-element elementor-element-ee5f8fd elementor-section-boxed elementor-section-height-default elementor-section-height-default\" data-id=\"ee5f8fd\" data-element_type=\"section\" data-e-type=\"section\">\n\t\t\t\t\t\t<div class=\"elementor-container elementor-column-gap-default\">\n\t\t\t\t\t<div class=\"aux-parallax-section elementor-column elementor-col-100 elementor-top-column elementor-element elementor-element-ee7b2b7\" data-id=\"ee7b2b7\" data-element_type=\"column\" data-e-type=\"column\">\n\t\t\t<div class=\"elementor-widget-wrap elementor-element-populated\">\n\t\t\t\t\t\t<div class=\"elementor-element elementor-element-d0c3a7f aux-appear-watch-animation aux-fade-in elementor-widget elementor-widget-aux_modern_heading\" data-id=\"d0c3a7f\" data-element_type=\"widget\" data-e-type=\"widget\" data-widget_type=\"aux_modern_heading.default\">\n\t\t\t\t<div class=\"elementor-widget-container\">\n\t\t\t\t\t<section class=\"aux-widget-modern-heading\">\n            <div class=\"aux-widget-inner\"><h2 class=\"aux-modern-heading-primary\">Die Familienausbrecher hei\u00dfen Euch willkommen!<\/h2><div class=\"aux-modern-heading-divider\"><\/div><\/div>\n        <\/section>\t\t\t\t<\/div>\n\t\t\t\t<\/div>\n\t\t\t\t\t<\/div>\n\t\t<\/div>\n\t\t\t\t\t<\/div>\n\t\t<\/section>\n\t\t\t\t<section class=\"elementor-section elementor-top-section elementor-element elementor-element-ea48a48 elementor-section-boxed elementor-section-height-default elementor-section-height-default\" data-id=\"ea48a48\" data-element_type=\"section\" data-e-type=\"section\">\n\t\t\t\t\t\t<div class=\"elementor-container elementor-column-gap-default\">\n\t\t\t\t\t<div class=\"aux-parallax-section elementor-column elementor-col-50 elementor-top-column elementor-element elementor-element-9490f67\" data-id=\"9490f67\" data-element_type=\"column\" data-e-type=\"column\">\n\t\t\t<div class=\"elementor-widget-wrap elementor-element-populated\">\n\t\t\t\t\t\t<div class=\"elementor-element elementor-element-1655be7 elementor-invisible elementor-widget elementor-widget-image\" data-id=\"1655be7\" data-element_type=\"widget\" data-e-type=\"widget\" data-settings=\"{&quot;_animation&quot;:&quot;fadeInUp&quot;}\" data-widget_type=\"image.default\">\n\t\t\t\t<div class=\"elementor-widget-container\">\n\t\t\t\t\t\t\t\t\t\t\t\t\t\t\t<img fetchpriority=\"high\" decoding=\"async\" width=\"857\" height=\"700\" src=\"https:\/\/familienausbrecher.de\/wp-content\/uploads\/2022\/07\/family-1.jpg\" class=\"attachment-full size-full wp-image-707\" alt=\"\" \/>\t\t\t\t\t\t\t\t\t\t\t\t\t\t\t<\/div>\n\t\t\t\t<\/div>\n\t\t\t\t\t<\/div>\n\t\t<\/div>\n\t\t\t\t<div class=\"aux-parallax-section elementor-column elementor-col-50 elementor-top-column elementor-element elementor-element-29b9650\" data-id=\"29b9650\" data-element_type=\"column\" data-e-type=\"column\" data-settings=\"{&quot;background_background&quot;:&quot;classic&quot;}\">\n\t\t\t<div class=\"elementor-widget-wrap elementor-element-populated\">\n\t\t\t\t\t\t<div class=\"elementor-element elementor-element-d519824 aux-appear-watch-animation aux-scale-down elementor-widget elementor-widget-aux_modern_heading\" data-id=\"d519824\" data-element_type=\"widget\" data-e-type=\"widget\" data-widget_type=\"aux_modern_heading.default\">\n\t\t\t\t<div class=\"elementor-widget-container\">\n\t\t\t\t\t<section class=\"aux-widget-modern-heading\">\n            <div class=\"aux-widget-inner\"><h2 class=\"aux-modern-heading-primary\"><\/h2><div class=\"aux-modern-heading-description\"><p>Diese Seite stellt eine Anlaufstelle f\u00fcr erwachsene Kinder dar, die den Kontakt zu ihren Eltern oder einem Elternteil abgebrochen haben und nun Kontakt zu Gleichgesinnten suchen. Wir verstehen uns als Selbsthilfegruppe, vermitteln den Kontakt und die Hilfe untereinander. Auch Treffen in Berlin sind zuk\u00fcnftig geplant.<\/p><p>W\u00e4hrend es bereits zahlreiche Selbsthilfegruppen f\u00fcr Eltern von Kindern, die den Kontakt abgebrochen haben, gibt, sind Gruppen f\u00fcr die Kinder selbst eher rar ges\u00e4t. Dabei m\u00fcssen insbesondere auch die Kinder mit ihrer schwerwiegenden Entscheidung leben, den Kontakt abgebrochen zu haben. Diese Entscheidung wird niemals leichtfertig und ohne Grund getroffen. Zudem belastet sie die Seele.<\/p><p><strong>Hinweis: <\/strong>Mit \"Ausbrecher\" ist auf der kompletten Seite immer auch die feminine Form \"Ausbrecherin\" gemeint. Wir bitten um Verst\u00e4ndnis, dass wir hier der Einfachheit halber auf das Gendern verzichten. Zudem duzen wir unsere Besucher ungefragt. Damit m\u00f6chten wir nat\u00fcrlich niemandem auf den Schlips treten. \ud83d\ude42<\/p><\/div><\/div>\n        <\/section>\t\t\t\t<\/div>\n\t\t\t\t<\/div>\n\t\t\t\t\t<\/div>\n\t\t<\/div>\n\t\t\t\t\t<\/div>\n\t\t<\/section>\n\t\t\t\t<section class=\"elementor-section elementor-top-section elementor-element elementor-element-0b1429c animated-slow elementor-section-boxed elementor-section-height-default elementor-section-height-default elementor-invisible\" data-id=\"0b1429c\" data-element_type=\"section\" data-e-type=\"section\" data-settings=\"{&quot;animation&quot;:&quot;rollIn&quot;,&quot;animation_delay&quot;:500}\">\n\t\t\t\t\t\t<div class=\"elementor-container elementor-column-gap-default\">\n\t\t\t\t\t<div class=\"aux-parallax-section elementor-column elementor-col-100 elementor-top-column elementor-element elementor-element-2432a8e\" data-id=\"2432a8e\" data-element_type=\"column\" data-e-type=\"column\" data-settings=\"{&quot;animation&quot;:&quot;none&quot;}\">\n\t\t\t<div class=\"elementor-widget-wrap elementor-element-populated\">\n\t\t\t\t\t\t<div class=\"elementor-element elementor-element-59c02e0 aux-appear-watch-animation aux-fade-in elementor-widget elementor-widget-aux_modern_heading\" data-id=\"59c02e0\" data-element_type=\"widget\" data-e-type=\"widget\" data-settings=\"{&quot;_animation&quot;:&quot;none&quot;,&quot;_animation_delay&quot;:0}\" data-widget_type=\"aux_modern_heading.default\">\n\t\t\t\t<div class=\"elementor-widget-container\">\n\t\t\t\t\t<section class=\"aux-widget-modern-heading\">\n            <div class=\"aux-widget-inner\"><h2 class=\"aux-modern-heading-primary\">Unser oberster Grundsatz<\/h2><div class=\"aux-modern-heading-divider\"><\/div><div class=\"aux-modern-heading-description\"><p><strong>Wir respektieren die Entscheidung jedes Einzelnen<\/strong> und mischen uns nie direkt in den Konflikt zwischen den verlassenen Eltern und dem \u201eFamilienausbrecher\u201c ein. Es bleibt immer die Entscheidung des Kontaktabbrechers, ob er\/sie die Situation \u00e4ndern m\u00f6chte oder nicht. Wir unterst\u00fctzen die Betroffenen bei jeder individuell getroffenen Entscheidung in vollem Ma\u00dfe. <br \/>Es wird niemand be- bzw. verurteilt.<\/p><\/div><\/div>\n        <\/section>\t\t\t\t<\/div>\n\t\t\t\t<\/div>\n\t\t\t\t\t<\/div>\n\t\t<\/div>\n\t\t\t\t\t<\/div>\n\t\t<\/section>\n\t\t\t\t<section class=\"elementor-section elementor-top-section elementor-element elementor-element-bef514d elementor-section-boxed elementor-section-height-default elementor-section-height-default\" data-id=\"bef514d\" data-element_type=\"section\" data-e-type=\"section\">\n\t\t\t\t\t\t<div class=\"elementor-container elementor-column-gap-default\">\n\t\t\t\t\t<div class=\"aux-parallax-section elementor-column elementor-col-20 elementor-top-column elementor-element elementor-element-8bb22fe aux-appear-watch-animation aux-fade-in-right\" data-id=\"8bb22fe\" data-element_type=\"column\" data-e-type=\"column\">\n\t\t\t<div class=\"elementor-widget-wrap elementor-element-populated\">\n\t\t\t\t\t\t<div class=\"elementor-element elementor-element-943a77a elementor-widget elementor-widget-aux_text\" data-id=\"943a77a\" data-element_type=\"widget\" data-e-type=\"widget\" data-widget_type=\"aux_text.default\">\n\t\t\t\t<div class=\"elementor-widget-container\">\n\t\t\t\t\t<section class=\"widget-container aux-widget-text aux-parent-au13fc8bd1\">        <div class=\"aux-widget-advanced-text aux-wrap-style-simple aux-ico-pos-top aux-text-center aux-text-resp- aux-text-color-dark aux-text-widget-bg-center  \" >\n        \n                            <div class=\"aux-text-widget-header \"  >\n                        <div class=\"aux-ico-box aux-ico-large aux-img-box aux-ico-shape-default aux-ico-clear \">\n                                                                <img decoding=\"async\" width=\"86\" height=\"86\" src=\"https:\/\/familienausbrecher.de\/wp-content\/uploads\/2018\/11\/ballons.svg\" class=\"attachment-full size-full\" alt=\"\" \/>                                                    <\/div>\n                <\/div>\n            \n            <div class=\"aux-text-inner aux-text-widget-content\">\n                                <h4 class=\"col-title\">Umgang miteinander<\/h4>\n                                <div class=\"widget-content\">\n                                        <p>Wir gehen freundlich, h\u00f6flich und respektvoll miteinander um.<\/p>                <\/div>\n                            <\/div>\n        <\/div>\n                    <div class=\"aux-text-widget-footer\">\n                <div class=\"aux-border-shape-none \">\n                                <\/div>\n            <\/div>\n        \n<\/section><!-- widget-container -->\t\t\t\t<\/div>\n\t\t\t\t<\/div>\n\t\t\t\t\t<\/div>\n\t\t<\/div>\n\t\t\t\t<div class=\"aux-parallax-section elementor-column elementor-col-20 elementor-top-column elementor-element elementor-element-4b86dc7\" data-id=\"4b86dc7\" data-element_type=\"column\" data-e-type=\"column\">\n\t\t\t<div class=\"elementor-widget-wrap\">\n\t\t\t\t\t\t\t<\/div>\n\t\t<\/div>\n\t\t\t\t<div class=\"aux-parallax-section elementor-column elementor-col-20 elementor-top-column elementor-element elementor-element-21c0b4f aux-appear-watch-animation aux-fade-in-right\" data-id=\"21c0b4f\" data-element_type=\"column\" data-e-type=\"column\">\n\t\t\t<div class=\"elementor-widget-wrap elementor-element-populated\">\n\t\t\t\t\t\t<div class=\"elementor-element elementor-element-3b9d83e elementor-widget elementor-widget-aux_text\" data-id=\"3b9d83e\" data-element_type=\"widget\" data-e-type=\"widget\" data-widget_type=\"aux_text.default\">\n\t\t\t\t<div class=\"elementor-widget-container\">\n\t\t\t\t\t<section class=\"widget-container aux-widget-text aux-parent-aued4016a4\">        <div class=\"aux-widget-advanced-text aux-wrap-style-simple aux-ico-pos-top aux-text-center aux-text-resp- aux-text-color-dark aux-text-widget-bg-center  \" >\n        \n                            <div class=\"aux-text-widget-header \"  >\n                        <div class=\"aux-ico-box aux-ico-large aux-img-box aux-ico-shape-default aux-ico-clear \">\n                                                                <img decoding=\"async\" width=\"86\" height=\"86\" src=\"https:\/\/familienausbrecher.de\/wp-content\/uploads\/2018\/11\/people.svg\" class=\"attachment-full size-full\" alt=\"\" \/>                                                    <\/div>\n                <\/div>\n            \n            <div class=\"aux-text-inner aux-text-widget-content\">\n                                <h4 class=\"col-title\">Selbsthilfegruppe<\/h4>\n                                <div class=\"widget-content\">\n                                        <p>Wir sind f\u00fcreinander da <br \/>und helfen uns gegenseitig. <\/p>                <\/div>\n                            <\/div>\n        <\/div>\n                    <div class=\"aux-text-widget-footer\">\n                <div class=\"aux-border-shape-none \">\n                                <\/div>\n            <\/div>\n        \n<\/section><!-- widget-container -->\t\t\t\t<\/div>\n\t\t\t\t<\/div>\n\t\t\t\t\t<\/div>\n\t\t<\/div>\n\t\t\t\t<div class=\"aux-parallax-section elementor-column elementor-col-20 elementor-top-column elementor-element elementor-element-0a5aced\" data-id=\"0a5aced\" data-element_type=\"column\" data-e-type=\"column\">\n\t\t\t<div class=\"elementor-widget-wrap\">\n\t\t\t\t\t\t\t<\/div>\n\t\t<\/div>\n\t\t\t\t<div class=\"aux-parallax-section elementor-column elementor-col-20 elementor-top-column elementor-element elementor-element-6184aa3 aux-appear-watch-animation aux-fade-in-right\" data-id=\"6184aa3\" data-element_type=\"column\" data-e-type=\"column\">\n\t\t\t<div class=\"elementor-widget-wrap elementor-element-populated\">\n\t\t\t\t\t\t<div class=\"elementor-element elementor-element-46e8432 elementor-widget elementor-widget-aux_text\" data-id=\"46e8432\" data-element_type=\"widget\" data-e-type=\"widget\" data-widget_type=\"aux_text.default\">\n\t\t\t\t<div class=\"elementor-widget-container\">\n\t\t\t\t\t<section class=\"widget-container aux-widget-text aux-parent-au900bdcd3\">        <div class=\"aux-widget-advanced-text aux-wrap-style-simple aux-ico-pos-top aux-text-center aux-text-resp- aux-text-color-dark aux-text-widget-bg-center  \" >\n        \n                            <div class=\"aux-text-widget-header \"  >\n                        <div class=\"aux-ico-box aux-ico-large aux-img-box aux-ico-shape-default aux-ico-clear \">\n                                                                <img loading=\"lazy\" decoding=\"async\" width=\"73\" height=\"86\" src=\"https:\/\/familienausbrecher.de\/wp-content\/uploads\/2018\/11\/box.svg\" class=\"attachment-full size-full\" alt=\"\" \/>                                                    <\/div>\n                <\/div>\n            \n            <div class=\"aux-text-inner aux-text-widget-content\">\n                                <h4 class=\"col-title\">Verh\u00e4ltnism\u00e4\u00dfigkeit<\/h4>\n                                <div class=\"widget-content\">\n                                        <p>Wir erwarten von niemandem mehr zu geben als er zu geben bereit ist.<\/p>                <\/div>\n                            <\/div>\n        <\/div>\n                    <div class=\"aux-text-widget-footer\">\n                <div class=\"aux-border-shape-none \">\n                                <\/div>\n            <\/div>\n        \n<\/section><!-- widget-container -->\t\t\t\t<\/div>\n\t\t\t\t<\/div>\n\t\t\t\t\t<\/div>\n\t\t<\/div>\n\t\t\t\t\t<\/div>\n\t\t<\/section>\n\t\t\t\t<section class=\"elementor-section elementor-top-section elementor-element elementor-element-c4d75d9 elementor-section-stretched elementor-section-content-bottom aux-appear-watch-animation aux-fade-in-up-1 animated-slow elementor-section-boxed elementor-section-height-default elementor-section-height-default\" data-id=\"c4d75d9\" data-element_type=\"section\" data-e-type=\"section\" data-settings=\"{&quot;background_background&quot;:&quot;gradient&quot;,&quot;shape_divider_top&quot;:&quot;tilt&quot;,&quot;stretch_section&quot;:&quot;section-stretched&quot;,&quot;animation&quot;:&quot;none&quot;}\">\n\t\t\t\t\t<div class=\"elementor-shape elementor-shape-top\" aria-hidden=\"true\" data-negative=\"false\">\n\t\t\t<svg xmlns=\"http:\/\/www.w3.org\/2000\/svg\" viewBox=\"0 0 1000 100\" preserveAspectRatio=\"none\">\n\t<path class=\"elementor-shape-fill\" d=\"M0,6V0h1000v100L0,6z\"\/>\n<\/svg>\t\t<\/div>\n\t\t\t\t\t<div class=\"elementor-container elementor-column-gap-default\">\n\t\t\t\t\t<div class=\"aux-parallax-section elementor-column elementor-col-66 elementor-top-column elementor-element elementor-element-c1b5159\" data-id=\"c1b5159\" data-element_type=\"column\" data-e-type=\"column\" data-settings=\"{&quot;background_background&quot;:&quot;classic&quot;,&quot;animation&quot;:&quot;none&quot;}\">\n\t\t\t<div class=\"elementor-widget-wrap elementor-element-populated\">\n\t\t\t\t\t\t<div class=\"elementor-element elementor-element-71e5b4b elementor-widget elementor-widget-aux_modern_heading\" data-id=\"71e5b4b\" data-element_type=\"widget\" data-e-type=\"widget\" data-widget_type=\"aux_modern_heading.default\">\n\t\t\t\t<div class=\"elementor-widget-container\">\n\t\t\t\t\t<section class=\"aux-widget-modern-heading\">\n            <div class=\"aux-widget-inner\"><h2 class=\"aux-modern-heading-primary\">Du m\u00f6chtest mir helfen?<\/h2><div class=\"aux-modern-heading-description\"><p>Wer sich mir anschlie\u00dfen und z.B. bei der Organisation helfen m\u00f6chte, kann sich gerne melden. Dazu bitte auf den Button klicken.<\/p><p>Wer mich\/uns finanziell unterst\u00fctzen m\u00f6chte, nutzt bitte einfach den Paypal-Link ganz unten rechts.<\/p><\/div><\/div>\n        <\/section>\t\t\t\t<\/div>\n\t\t\t\t<\/div>\n\t\t\t\t\t<\/div>\n\t\t<\/div>\n\t\t\t\t<div class=\"aux-parallax-section elementor-column elementor-col-33 elementor-top-column elementor-element elementor-element-b0945e3\" data-id=\"b0945e3\" data-element_type=\"column\" data-e-type=\"column\" data-settings=\"{&quot;background_background&quot;:&quot;classic&quot;,&quot;animation&quot;:&quot;none&quot;}\">\n\t\t\t<div class=\"elementor-widget-wrap elementor-element-populated\">\n\t\t\t\t\t\t<div class=\"elementor-element elementor-element-3382394 elementor-widget elementor-widget-aux_button\" data-id=\"3382394\" data-element_type=\"widget\" data-e-type=\"widget\" data-widget_type=\"aux_button.default\">\n\t\t\t\t<div class=\"elementor-widget-container\">\n\t\t\t\t\t<a  href=\"mailto:mail@familienausbrecher.de?subject=Ich%20m\u00f6chte%20helfen!\" target=\"_self\"   class=\"aux-button aux-large aux-white aux-none aux-outline aux-uppercase\" ><span class=\"aux-overlay\"><\/span><span class=\"aux-text\">Kontakt<\/span><\/a>\t\t\t\t<\/div>\n\t\t\t\t<\/div>\n\t\t\t\t\t<\/div>\n\t\t<\/div>\n\t\t\t\t\t<\/div>\n\t\t<\/section>\n\t\t\t\t<section class=\"elementor-section elementor-top-section elementor-element elementor-element-2927568 elementor-section-full_width elementor-section-height-default elementor-section-height-default\" data-id=\"2927568\" data-element_type=\"section\" data-e-type=\"section\">\n\t\t\t\t\t\t<div class=\"elementor-container elementor-column-gap-default\">\n\t\t\t\t\t<div class=\"aux-parallax-section elementor-column elementor-col-100 elementor-top-column elementor-element elementor-element-8fe2d56\" data-id=\"8fe2d56\" data-element_type=\"column\" data-e-type=\"column\">\n\t\t\t<div class=\"elementor-widget-wrap elementor-element-populated\">\n\t\t\t\t\t\t<div class=\"elementor-element elementor-element-243a82b aux-appear-watch-animation aux-fade-in elementor-widget elementor-widget-aux_modern_heading\" data-id=\"243a82b\" data-element_type=\"widget\" data-e-type=\"widget\" data-widget_type=\"aux_modern_heading.default\">\n\t\t\t\t<div class=\"elementor-widget-container\">\n\t\t\t\t\t<section class=\"aux-widget-modern-heading\">\n            <div class=\"aux-widget-inner\"><h2 class=\"aux-modern-heading-primary\">Neuigkeiten<\/h2><div class=\"aux-modern-heading-divider\"><\/div><div class=\"aux-modern-heading-description\"><p>Hier werden demn\u00e4chst aktuelle Infos ver\u00f6ffentlicht, u.a. \u00fcber zuk\u00fcnftige Treffen und Veranstaltungen<\/p><\/div><\/div>\n        <\/section>\t\t\t\t<\/div>\n\t\t\t\t<\/div>\n\t\t\t\t\t<\/div>\n\t\t<\/div>\n\t\t\t\t\t<\/div>\n\t\t<\/section>\n\t\t\t\t<\/div>\n\t\t","protected":false},"excerpt":{"rendered":"<p>Die Familienausbrecher hei\u00dfen Euch willkommen! Diese Seite stellt eine Anlaufstelle f\u00fcr erwachsene Kinder dar, die den Kontakt zu ihren Eltern oder einem Elternteil abgebrochen haben und nun Kontakt zu Gleichgesinnten suchen. Wir verstehen uns als Selbsthilfegruppe, vermitteln den Kontakt und die Hilfe untereinander. Auch Treffen in Berlin sind zuk\u00fcnftig geplant. W\u00e4hrend es bereits zahlreiche Selbsthilfegruppen [&hellip;]<\/p>\n","protected":false},"author":1,"featured_media":0,"parent":0,"menu_order":0,"comment_status":"closed","ping_status":"closed","template":"","meta":{"footnotes":""},"class_list":["post-471","page","type-page","status-publish","hentry"],"_links":{"self":[{"href":"https:\/\/familienausbrecher.de\/index.php?rest_route=\/wp\/v2\/pages\/471","targetHints":{"allow":["GET"]}}],"collection":[{"href":"https:\/\/familienausbrecher.de\/index.php?rest_route=\/wp\/v2\/pages"}],"about":[{"href":"https:\/\/familienausbrecher.de\/index.php?rest_route=\/wp\/v2\/types\/page"}],"author":[{"embeddable":true,"href":"https:\/\/familienausbrecher.de\/index.php?rest_route=\/wp\/v2\/users\/1"}],"replies":[{"embeddable":true,"href":"https:\/\/familienausbrecher.de\/index.php?rest_route=%2Fwp%2Fv2%2Fcomments&post=471"}],"version-history":[{"count":273,"href":"https:\/\/familienausbrecher.de\/index.php?rest_route=\/wp\/v2\/pages\/471\/revisions"}],"predecessor-version":[{"id":1198,"href":"https:\/\/familienausbrecher.de\/index.php?rest_route=\/wp\/v2\/pages\/471\/revisions\/1198"}],"wp:attachment":[{"href":"https:\/\/familienausbrecher.de\/index.php?rest_route=%2Fwp%2Fv2%2Fmedia&parent=471"}],"curies":[{"name":"wp","href":"https:\/\/api.w.org\/{rel}","templated":true}]}}