{"id":460,"date":"2018-11-09T19:33:34","date_gmt":"2018-11-09T18:33:34","guid":{"rendered":"https:\/\/familienausbrecher.de\/?page_id=460"},"modified":"2023-03-27T13:04:31","modified_gmt":"2023-03-27T11:04:31","slug":"about-us","status":"publish","type":"page","link":"https:\/\/familienausbrecher.de\/?page_id=460","title":{"rendered":"Wer wir sind"},"content":{"rendered":"\t\t<div data-elementor-type=\"wp-post\" data-elementor-id=\"460\" class=\"elementor elementor-460\">\n\t\t\t\t\t\t<section class=\"elementor-section elementor-top-section elementor-element elementor-element-db7dfaa elementor-section-boxed elementor-section-height-default elementor-section-height-default\" data-id=\"db7dfaa\" data-element_type=\"section\" data-e-type=\"section\">\n\t\t\t\t\t\t<div class=\"elementor-container elementor-column-gap-default\">\n\t\t\t\t\t<div class=\"aux-parallax-section elementor-column elementor-col-100 elementor-top-column elementor-element elementor-element-a401fa6\" data-id=\"a401fa6\" data-element_type=\"column\" data-e-type=\"column\">\n\t\t\t<div class=\"elementor-widget-wrap elementor-element-populated\">\n\t\t\t\t\t\t<div class=\"elementor-element elementor-element-83b79e7 aux-appear-watch-animation aux-fade-in elementor-widget elementor-widget-aux_modern_heading\" data-id=\"83b79e7\" data-element_type=\"widget\" data-e-type=\"widget\" data-widget_type=\"aux_modern_heading.default\">\n\t\t\t\t<div class=\"elementor-widget-container\">\n\t\t\t\t\t<section class=\"aux-widget-modern-heading\">\n            <div class=\"aux-widget-inner\"><h2 class=\"aux-modern-heading-primary\">Unser Team<\/h2><div class=\"aux-modern-heading-divider\"><\/div><div class=\"aux-modern-heading-description\"><p>Noch besteht unser Team nur aus meiner Wenigkeit: <strong>Marius Janz<\/strong>.<br \/>Mehr \u00fcber meine Person erfahrt Ihr <a href=\"http:\/\/www.marius-janz.de\" target=\"_blank\" rel=\"noreferrer noopener\" data-type=\"URL\" data-id=\"www.marius-janz.de\">hier<\/a>.<\/p><\/div><\/div>\n        <\/section>\t\t\t\t<\/div>\n\t\t\t\t<\/div>\n\t\t\t\t\t<\/div>\n\t\t<\/div>\n\t\t\t\t\t<\/div>\n\t\t<\/section>\n\t\t\t\t<section class=\"elementor-section elementor-top-section elementor-element elementor-element-bbd7936 elementor-section-boxed elementor-section-height-default elementor-section-height-default\" data-id=\"bbd7936\" data-element_type=\"section\" data-e-type=\"section\">\n\t\t\t\t\t\t<div class=\"elementor-container elementor-column-gap-default\">\n\t\t\t\t\t<div class=\"aux-parallax-section elementor-column elementor-col-50 elementor-top-column elementor-element elementor-element-b202bc6 aux-appear-watch-animation aux-fade-in-right-1\" data-id=\"b202bc6\" data-element_type=\"column\" data-e-type=\"column\">\n\t\t\t<div class=\"elementor-widget-wrap elementor-element-populated\">\n\t\t\t\t\t\t<div class=\"elementor-element elementor-element-884b4a0 elementor-invisible elementor-widget elementor-widget-aux_staff\" data-id=\"884b4a0\" data-element_type=\"widget\" data-e-type=\"widget\" data-settings=\"{&quot;_animation&quot;:&quot;fadeInUp&quot;}\" data-widget_type=\"aux_staff.default\">\n\t\t\t\t<div class=\"elementor-widget-container\">\n\t\t\t\t\t<section class=\"aux-wrap-style-simple widget-container aux-widget-staff aux-parent-au3b8a03ce\">    <div class=\"aux-staff-container aux-staff-pos-top aux-staff-text-left aux-staff-text-dark \" >\n            <div class=\"aux-staff-header aux-staff-img-rect\">\n            <div class=\"aux-media-image\"><img fetchpriority=\"high\" decoding=\"async\" width=\"886\" height=\"848\" src=\"image\/gif;base64,R0lGODlhAQABAIAAAAAAAP\/\/\/yH5BAEAAAAALAAAAAABAAEAAAIBRAA7\" class=\" aux-preload aux-blank\" alt=\"MJ-Portraet\" data-ratio=\"1.04\" data-original-w=\"886\" data-src=\"https:\/\/familienausbrecher.de\/wp-content\/uploads\/2022\/07\/MJ-Portraet.jpg\" \/><\/div>        <\/div>\n            <div class=\"aux-staff-content\">\n                        <h4 class=\"col-title\"><a href=\"http:\/\/www.marius-janz.de\">\n            Marius Janz<\/a>\n            <\/h4>\n                        <h5 class=\"col-subtitle\">Gr\u00fcnder der Familienausbrecher<\/h5>\n                        <div class=\"entry-content\">\n                                Ich bin weder Therapeut noch Coach, sondern \"nur\" Betroffener. Mittlerweile habe ich wieder unregelm\u00e4\u00dfigen Kontakt zu meinen Eltern.            <\/div>\n                    <\/div>\n\n    <\/div>\n\n\n<\/section><!-- widget-container -->\t\t\t\t<\/div>\n\t\t\t\t<\/div>\n\t\t\t\t\t<\/div>\n\t\t<\/div>\n\t\t\t\t<div class=\"aux-parallax-section elementor-column elementor-col-50 elementor-top-column elementor-element elementor-element-28fd5ab aux-appear-watch-animation aux-fade-in-right-1\" data-id=\"28fd5ab\" data-element_type=\"column\" data-e-type=\"column\">\n\t\t\t<div class=\"elementor-widget-wrap\">\n\t\t\t\t\t\t\t<\/div>\n\t\t<\/div>\n\t\t\t\t\t<\/div>\n\t\t<\/section>\n\t\t\t\t<section class=\"elementor-section elementor-top-section elementor-element elementor-element-6257dd5 elementor-section-stretched elementor-section-content-bottom aux-appear-watch-animation aux-fade-in-up-1 animated-slow elementor-section-boxed elementor-section-height-default elementor-section-height-default\" data-id=\"6257dd5\" data-element_type=\"section\" data-e-type=\"section\" data-settings=\"{&quot;background_background&quot;:&quot;gradient&quot;,&quot;shape_divider_top&quot;:&quot;tilt&quot;,&quot;stretch_section&quot;:&quot;section-stretched&quot;,&quot;animation&quot;:&quot;none&quot;}\">\n\t\t\t\t\t<div class=\"elementor-shape elementor-shape-top\" aria-hidden=\"true\" data-negative=\"false\">\n\t\t\t<svg xmlns=\"http:\/\/www.w3.org\/2000\/svg\" viewBox=\"0 0 1000 100\" preserveAspectRatio=\"none\">\n\t<path class=\"elementor-shape-fill\" d=\"M0,6V0h1000v100L0,6z\"\/>\n<\/svg>\t\t<\/div>\n\t\t\t\t\t<div class=\"elementor-container elementor-column-gap-default\">\n\t\t\t\t\t<div class=\"aux-parallax-section elementor-column elementor-col-66 elementor-top-column elementor-element elementor-element-e934e46\" data-id=\"e934e46\" data-element_type=\"column\" data-e-type=\"column\" data-settings=\"{&quot;background_background&quot;:&quot;classic&quot;,&quot;animation&quot;:&quot;none&quot;}\">\n\t\t\t<div class=\"elementor-widget-wrap elementor-element-populated\">\n\t\t\t\t\t\t<div class=\"elementor-element elementor-element-59e1107 elementor-widget elementor-widget-aux_modern_heading\" data-id=\"59e1107\" data-element_type=\"widget\" data-e-type=\"widget\" data-widget_type=\"aux_modern_heading.default\">\n\t\t\t\t<div class=\"elementor-widget-container\">\n\t\t\t\t\t<section class=\"aux-widget-modern-heading\">\n            <div class=\"aux-widget-inner\"><h2 class=\"aux-modern-heading-primary\">Du m\u00f6chtest mir helfen?<\/h2><div class=\"aux-modern-heading-description\"><p>Wer sich mir anschlie\u00dfen und z.B. bei der Organisation helfen m\u00f6chte, kann sich gerne melden. Dazu bitte auf den Button rechts klicken.<\/p><p>Wer mich\/uns finanziell unterst\u00fctzen m\u00f6chte, nutzt bitte einfach den Paypal-Link ganz rechts unten.<\/p><\/div><\/div>\n        <\/section>\t\t\t\t<\/div>\n\t\t\t\t<\/div>\n\t\t\t\t\t<\/div>\n\t\t<\/div>\n\t\t\t\t<div class=\"aux-parallax-section elementor-column elementor-col-33 elementor-top-column elementor-element elementor-element-a3f5f9a\" data-id=\"a3f5f9a\" data-element_type=\"column\" data-e-type=\"column\" data-settings=\"{&quot;background_background&quot;:&quot;classic&quot;,&quot;animation&quot;:&quot;none&quot;}\">\n\t\t\t<div class=\"elementor-widget-wrap elementor-element-populated\">\n\t\t\t\t\t\t<div class=\"elementor-element elementor-element-94be1c6 elementor-widget elementor-widget-aux_button\" data-id=\"94be1c6\" data-element_type=\"widget\" data-e-type=\"widget\" data-widget_type=\"aux_button.default\">\n\t\t\t\t<div class=\"elementor-widget-container\">\n\t\t\t\t\t<a  href=\"mailto:mail@familienausbrecher.de?subject=Ich%20m\u00f6chte%20helfen!\" target=\"_self\"   class=\"aux-button aux-large aux-white aux-none aux-outline aux-uppercase\" ><span class=\"aux-overlay\"><\/span><span class=\"aux-text\">Kontakt<\/span><\/a>\t\t\t\t<\/div>\n\t\t\t\t<\/div>\n\t\t\t\t\t<\/div>\n\t\t<\/div>\n\t\t\t\t\t<\/div>\n\t\t<\/section>\n\t\t\t\t<section class=\"elementor-section elementor-top-section elementor-element elementor-element-39d5368 elementor-section-boxed elementor-section-height-default elementor-section-height-default\" data-id=\"39d5368\" data-element_type=\"section\" data-e-type=\"section\">\n\t\t\t\t\t\t<div class=\"elementor-container elementor-column-gap-default\">\n\t\t\t\t\t<div class=\"aux-parallax-section elementor-column elementor-col-100 elementor-top-column elementor-element elementor-element-a027c2d\" data-id=\"a027c2d\" data-element_type=\"column\" data-e-type=\"column\">\n\t\t\t<div class=\"elementor-widget-wrap elementor-element-populated\">\n\t\t\t\t\t\t<div class=\"elementor-element elementor-element-5d43d3f elementor-widget elementor-widget-spacer\" data-id=\"5d43d3f\" data-element_type=\"widget\" data-e-type=\"widget\" data-widget_type=\"spacer.default\">\n\t\t\t\t<div class=\"elementor-widget-container\">\n\t\t\t\t\t\t\t<div class=\"elementor-spacer\">\n\t\t\t<div class=\"elementor-spacer-inner\"><\/div>\n\t\t<\/div>\n\t\t\t\t\t\t<\/div>\n\t\t\t\t<\/div>\n\t\t\t\t\t<\/div>\n\t\t<\/div>\n\t\t\t\t\t<\/div>\n\t\t<\/section>\n\t\t\t\t<\/div>\n\t\t","protected":false},"excerpt":{"rendered":"<p>Unser Team Noch besteht unser Team nur aus meiner Wenigkeit: Marius Janz.Mehr \u00fcber meine Person erfahrt Ihr hier. Marius Janz Gr\u00fcnder der Familienausbrecher Ich bin weder Therapeut noch Coach, sondern &#8222;nur&#8220; Betroffener. Mittlerweile habe ich wieder unregelm\u00e4\u00dfigen Kontakt zu meinen Eltern. Du m\u00f6chtest mir helfen? Wer sich mir anschlie\u00dfen und z.B. bei der Organisation helfen [&hellip;]<\/p>\n","protected":false},"author":1,"featured_media":0,"parent":0,"menu_order":0,"comment_status":"closed","ping_status":"closed","template":"","meta":{"footnotes":""},"class_list":["post-460","page","type-page","status-publish","hentry"],"_links":{"self":[{"href":"https:\/\/familienausbrecher.de\/index.php?rest_route=\/wp\/v2\/pages\/460","targetHints":{"allow":["GET"]}}],"collection":[{"href":"https:\/\/familienausbrecher.de\/index.php?rest_route=\/wp\/v2\/pages"}],"about":[{"href":"https:\/\/familienausbrecher.de\/index.php?rest_route=\/wp\/v2\/types\/page"}],"author":[{"embeddable":true,"href":"https:\/\/familienausbrecher.de\/index.php?rest_route=\/wp\/v2\/users\/1"}],"replies":[{"embeddable":true,"href":"https:\/\/familienausbrecher.de\/index.php?rest_route=%2Fwp%2Fv2%2Fcomments&post=460"}],"version-history":[{"count":75,"href":"https:\/\/familienausbrecher.de\/index.php?rest_route=\/wp\/v2\/pages\/460\/revisions"}],"predecessor-version":[{"id":1192,"href":"https:\/\/familienausbrecher.de\/index.php?rest_route=\/wp\/v2\/pages\/460\/revisions\/1192"}],"wp:attachment":[{"href":"https:\/\/familienausbrecher.de\/index.php?rest_route=%2Fwp%2Fv2%2Fmedia&parent=460"}],"curies":[{"name":"wp","href":"https:\/\/api.w.org\/{rel}","templated":true}]}}