{"id":13,"date":"2022-05-16T12:55:11","date_gmt":"2022-05-16T10:55:11","guid":{"rendered":"https:\/\/familienausbrecher.de\/?page_id=13"},"modified":"2023-03-23T16:09:40","modified_gmt":"2023-03-23T15:09:40","slug":"wie-wir-helfen","status":"publish","type":"page","link":"https:\/\/familienausbrecher.de\/?page_id=13","title":{"rendered":"Wie wir helfen"},"content":{"rendered":"\t\t<div data-elementor-type=\"wp-page\" data-elementor-id=\"13\" class=\"elementor elementor-13\">\n\t\t\t\t\t\t<section class=\"elementor-section elementor-top-section elementor-element elementor-element-a4b66d3 elementor-section-boxed elementor-section-height-default elementor-section-height-default\" data-id=\"a4b66d3\" data-element_type=\"section\" data-e-type=\"section\">\n\t\t\t\t\t\t<div class=\"elementor-container elementor-column-gap-default\">\n\t\t\t\t\t<div class=\"aux-parallax-section elementor-column elementor-col-100 elementor-top-column elementor-element elementor-element-f9cab8e\" data-id=\"f9cab8e\" data-element_type=\"column\" data-e-type=\"column\">\n\t\t\t<div class=\"elementor-widget-wrap elementor-element-populated\">\n\t\t\t\t\t\t<div class=\"elementor-element elementor-element-4f56d68 elementor-invisible elementor-widget elementor-widget-image\" data-id=\"4f56d68\" data-element_type=\"widget\" data-e-type=\"widget\" data-settings=\"{&quot;_animation&quot;:&quot;fadeInRight&quot;}\" data-widget_type=\"image.default\">\n\t\t\t\t<div class=\"elementor-widget-container\">\n\t\t\t\t\t\t\t\t\t\t\t\t\t\t\t<img fetchpriority=\"high\" decoding=\"async\" width=\"1024\" height=\"429\" src=\"https:\/\/familienausbrecher.de\/wp-content\/uploads\/2022\/05\/silhouette3_header-e1658151727953-1024x429.jpg\" class=\"attachment-large size-large wp-image-137\" alt=\"\" \/>\t\t\t\t\t\t\t\t\t\t\t\t\t\t\t<\/div>\n\t\t\t\t<\/div>\n\t\t\t\t\t<\/div>\n\t\t<\/div>\n\t\t\t\t\t<\/div>\n\t\t<\/section>\n\t\t\t\t<section class=\"elementor-section elementor-top-section elementor-element elementor-element-5db1eb70 elementor-section-boxed elementor-section-height-default elementor-section-height-default\" data-id=\"5db1eb70\" data-element_type=\"section\" data-e-type=\"section\">\n\t\t\t\t\t\t<div class=\"elementor-container elementor-column-gap-default\">\n\t\t\t\t\t<div class=\"aux-parallax-section elementor-column elementor-col-100 elementor-top-column elementor-element elementor-element-8bdcf5a\" data-id=\"8bdcf5a\" data-element_type=\"column\" data-e-type=\"column\">\n\t\t\t<div class=\"elementor-widget-wrap elementor-element-populated\">\n\t\t\t\t\t\t<div class=\"elementor-element elementor-element-391ab2f0 elementor-widget elementor-widget-text-editor\" data-id=\"391ab2f0\" data-element_type=\"widget\" data-e-type=\"widget\" data-widget_type=\"text-editor.default\">\n\t\t\t\t<div class=\"elementor-widget-container\">\n\t\t\t\t\t\t\t\t\t<p><\/p>\n<p>Wir bieten Gleichgesinnten und Betroffenen eine Plattform, um einander zu finden und in Kontakt zu treten. Dazu nutzen wir auch verschiedene soziale Medien, die ganz unten rechts auf jeder Seite unserer Internetpr\u00e4senz anklickbar sind.<\/p>\n<p><\/p>\n<p><\/p>\n<p>Auch pers\u00f6nliche Treffen sind zuk\u00fcnftig geplant. Informationen dazu werden wir zu gegebener Zeit auf der Startseite ver\u00f6ffentlichen. Das erste Treffen wird voraussichtlich in Berlin stattfinden.<\/p>\n<p><\/p>\n<p><\/p>\n<p><\/p>\t\t\t\t\t\t\t\t<\/div>\n\t\t\t\t<\/div>\n\t\t\t\t\t<\/div>\n\t\t<\/div>\n\t\t\t\t\t<\/div>\n\t\t<\/section>\n\t\t\t\t<section class=\"elementor-section elementor-top-section elementor-element elementor-element-bad2473 elementor-section-boxed elementor-section-height-default elementor-section-height-default elementor-invisible\" data-id=\"bad2473\" data-element_type=\"section\" data-e-type=\"section\" data-settings=\"{&quot;animation&quot;:&quot;rollIn&quot;,&quot;animation_delay&quot;:500}\">\n\t\t\t\t\t\t<div class=\"elementor-container elementor-column-gap-default\">\n\t\t\t\t\t<div class=\"aux-parallax-section elementor-column elementor-col-100 elementor-top-column elementor-element elementor-element-c7ff792\" data-id=\"c7ff792\" data-element_type=\"column\" data-e-type=\"column\" data-settings=\"{&quot;animation&quot;:&quot;none&quot;}\">\n\t\t\t<div class=\"elementor-widget-wrap elementor-element-populated\">\n\t\t\t\t\t\t<div class=\"elementor-element elementor-element-ed66053 aux-appear-watch-animation aux-fade-in elementor-widget elementor-widget-aux_modern_heading\" data-id=\"ed66053\" data-element_type=\"widget\" data-e-type=\"widget\" data-settings=\"{&quot;_animation&quot;:&quot;none&quot;}\" data-widget_type=\"aux_modern_heading.default\">\n\t\t\t\t<div class=\"elementor-widget-container\">\n\t\t\t\t\t<section class=\"aux-widget-modern-heading\">\n            <div class=\"aux-widget-inner\"><h2 class=\"aux-modern-heading-primary\">Unser oberster Grundsatz<\/h2><div class=\"aux-modern-heading-divider\"><\/div><div class=\"aux-modern-heading-description\"><p><strong>Wir respektieren die Entscheidung jedes Einzelnen<\/strong> und mischen uns nie direkt in den Konflikt zwischen den verlassenen Eltern und dem \u201eFamilienausbrecher\u201c ein. Es bleibt immer die Entscheidung des Kontaktabbrechers, ob er\/sie die Situation \u00e4ndern m\u00f6chte oder nicht. Wir unterst\u00fctzen die Betroffenen bei jeder individuell getroffenen Entscheidung in vollem Ma\u00dfe. <br \/>Es wird niemand be- bzw. verurteilt.<\/p><\/div><\/div>\n        <\/section>\t\t\t\t<\/div>\n\t\t\t\t<\/div>\n\t\t\t\t\t<\/div>\n\t\t<\/div>\n\t\t\t\t\t<\/div>\n\t\t<\/section>\n\t\t\t\t<section class=\"elementor-section elementor-top-section elementor-element elementor-element-4b013e3 elementor-section-boxed elementor-section-height-default elementor-section-height-default\" data-id=\"4b013e3\" data-element_type=\"section\" data-e-type=\"section\">\n\t\t\t\t\t\t<div class=\"elementor-container elementor-column-gap-default\">\n\t\t\t\t\t<div class=\"aux-parallax-section elementor-column elementor-col-20 elementor-top-column elementor-element elementor-element-dbfe416 aux-appear-watch-animation aux-fade-in-right\" data-id=\"dbfe416\" data-element_type=\"column\" data-e-type=\"column\">\n\t\t\t<div class=\"elementor-widget-wrap elementor-element-populated\">\n\t\t\t\t\t\t<div class=\"elementor-element elementor-element-a83ed53 elementor-widget elementor-widget-aux_text\" data-id=\"a83ed53\" data-element_type=\"widget\" data-e-type=\"widget\" data-widget_type=\"aux_text.default\">\n\t\t\t\t<div class=\"elementor-widget-container\">\n\t\t\t\t\t<section class=\"widget-container aux-widget-text aux-parent-au1c57e286\">        <div class=\"aux-widget-advanced-text aux-wrap-style-simple aux-ico-pos-top aux-text-center aux-text-resp- aux-text-color-dark aux-text-widget-bg-center  \" >\n        \n                            <div class=\"aux-text-widget-header \"  >\n                        <div class=\"aux-ico-box aux-ico-large aux-img-box aux-ico-shape-default aux-ico-clear \">\n                                                                <img decoding=\"async\" width=\"86\" height=\"86\" src=\"https:\/\/familienausbrecher.de\/wp-content\/uploads\/2018\/11\/ballons.svg\" class=\"attachment-full size-full\" alt=\"\" \/>                                                    <\/div>\n                <\/div>\n            \n            <div class=\"aux-text-inner aux-text-widget-content\">\n                                <h4 class=\"col-title\">Umgang miteinander<\/h4>\n                                <div class=\"widget-content\">\n                                        <p>Wir gehen freundlich, h\u00f6flich und respektvoll miteinander um.<\/p>                <\/div>\n                            <\/div>\n        <\/div>\n                    <div class=\"aux-text-widget-footer\">\n                <div class=\"aux-border-shape-none \">\n                                <\/div>\n            <\/div>\n        \n<\/section><!-- widget-container -->\t\t\t\t<\/div>\n\t\t\t\t<\/div>\n\t\t\t\t\t<\/div>\n\t\t<\/div>\n\t\t\t\t<div class=\"aux-parallax-section elementor-column elementor-col-20 elementor-top-column elementor-element elementor-element-871f494\" data-id=\"871f494\" data-element_type=\"column\" data-e-type=\"column\">\n\t\t\t<div class=\"elementor-widget-wrap\">\n\t\t\t\t\t\t\t<\/div>\n\t\t<\/div>\n\t\t\t\t<div class=\"aux-parallax-section elementor-column elementor-col-20 elementor-top-column elementor-element elementor-element-02edd89 aux-appear-watch-animation aux-fade-in-right\" data-id=\"02edd89\" data-element_type=\"column\" data-e-type=\"column\">\n\t\t\t<div class=\"elementor-widget-wrap elementor-element-populated\">\n\t\t\t\t\t\t<div class=\"elementor-element elementor-element-d15fbe0 elementor-widget elementor-widget-aux_text\" data-id=\"d15fbe0\" data-element_type=\"widget\" data-e-type=\"widget\" data-widget_type=\"aux_text.default\">\n\t\t\t\t<div class=\"elementor-widget-container\">\n\t\t\t\t\t<section class=\"widget-container aux-widget-text aux-parent-au6146e414\">        <div class=\"aux-widget-advanced-text aux-wrap-style-simple aux-ico-pos-top aux-text-center aux-text-resp- aux-text-color-dark aux-text-widget-bg-center  \" >\n        \n                            <div class=\"aux-text-widget-header \"  >\n                        <div class=\"aux-ico-box aux-ico-large aux-img-box aux-ico-shape-default aux-ico-clear \">\n                                                                <img decoding=\"async\" width=\"86\" height=\"86\" src=\"https:\/\/familienausbrecher.de\/wp-content\/uploads\/2018\/11\/people.svg\" class=\"attachment-full size-full\" alt=\"\" \/>                                                    <\/div>\n                <\/div>\n            \n            <div class=\"aux-text-inner aux-text-widget-content\">\n                                <h4 class=\"col-title\">Selbsthilfegruppe<\/h4>\n                                <div class=\"widget-content\">\n                                        <p>Wir sind f\u00fcreinander da <br \/>und helfen uns gegenseitig. <\/p>                <\/div>\n                            <\/div>\n        <\/div>\n                    <div class=\"aux-text-widget-footer\">\n                <div class=\"aux-border-shape-none \">\n                                <\/div>\n            <\/div>\n        \n<\/section><!-- widget-container -->\t\t\t\t<\/div>\n\t\t\t\t<\/div>\n\t\t\t\t\t<\/div>\n\t\t<\/div>\n\t\t\t\t<div class=\"aux-parallax-section elementor-column elementor-col-20 elementor-top-column elementor-element elementor-element-0ab1701\" data-id=\"0ab1701\" data-element_type=\"column\" data-e-type=\"column\">\n\t\t\t<div class=\"elementor-widget-wrap\">\n\t\t\t\t\t\t\t<\/div>\n\t\t<\/div>\n\t\t\t\t<div class=\"aux-parallax-section elementor-column elementor-col-20 elementor-top-column elementor-element elementor-element-366cff8 aux-appear-watch-animation aux-fade-in-right\" data-id=\"366cff8\" data-element_type=\"column\" data-e-type=\"column\">\n\t\t\t<div class=\"elementor-widget-wrap elementor-element-populated\">\n\t\t\t\t\t\t<div class=\"elementor-element elementor-element-9242925 elementor-widget elementor-widget-aux_text\" data-id=\"9242925\" data-element_type=\"widget\" data-e-type=\"widget\" data-widget_type=\"aux_text.default\">\n\t\t\t\t<div class=\"elementor-widget-container\">\n\t\t\t\t\t<section class=\"widget-container aux-widget-text aux-parent-aub050de33\">        <div class=\"aux-widget-advanced-text aux-wrap-style-simple aux-ico-pos-top aux-text-center aux-text-resp- aux-text-color-dark aux-text-widget-bg-center  \" >\n        \n                            <div class=\"aux-text-widget-header \"  >\n                        <div class=\"aux-ico-box aux-ico-large aux-img-box aux-ico-shape-default aux-ico-clear \">\n                                                                <img loading=\"lazy\" decoding=\"async\" width=\"73\" height=\"86\" src=\"https:\/\/familienausbrecher.de\/wp-content\/uploads\/2018\/11\/box.svg\" class=\"attachment-full size-full\" alt=\"\" \/>                                                    <\/div>\n                <\/div>\n            \n            <div class=\"aux-text-inner aux-text-widget-content\">\n                                <h4 class=\"col-title\">Verh\u00e4ltnism\u00e4\u00dfigkeit<\/h4>\n                                <div class=\"widget-content\">\n                                        <p>Wir erwarten von niemandem mehr zu geben als er zu geben bereit ist.<\/p>                <\/div>\n                            <\/div>\n        <\/div>\n                    <div class=\"aux-text-widget-footer\">\n                <div class=\"aux-border-shape-none \">\n                                <\/div>\n            <\/div>\n        \n<\/section><!-- widget-container -->\t\t\t\t<\/div>\n\t\t\t\t<\/div>\n\t\t\t\t\t<\/div>\n\t\t<\/div>\n\t\t\t\t\t<\/div>\n\t\t<\/section>\n\t\t\t\t<section class=\"elementor-section elementor-top-section elementor-element elementor-element-e9982f1 elementor-section-boxed elementor-section-height-default elementor-section-height-default\" data-id=\"e9982f1\" data-element_type=\"section\" data-e-type=\"section\">\n\t\t\t\t\t\t<div class=\"elementor-container elementor-column-gap-default\">\n\t\t\t\t\t<div class=\"aux-parallax-section elementor-column elementor-col-100 elementor-top-column elementor-element elementor-element-0ccf250\" data-id=\"0ccf250\" data-element_type=\"column\" data-e-type=\"column\">\n\t\t\t<div class=\"elementor-widget-wrap elementor-element-populated\">\n\t\t\t\t\t\t<div class=\"elementor-element elementor-element-0d90bf1 aux-appear-watch-animation aux-fade-in elementor-widget elementor-widget-aux_modern_heading\" data-id=\"0d90bf1\" data-element_type=\"widget\" data-e-type=\"widget\" data-widget_type=\"aux_modern_heading.default\">\n\t\t\t\t<div class=\"elementor-widget-container\">\n\t\t\t\t\t<section class=\"aux-widget-modern-heading\">\n            <div class=\"aux-widget-inner\"><h2 class=\"aux-modern-heading-primary\">Hier findest Du (auch) Hilfe<\/h2><div class=\"aux-modern-heading-divider\"><\/div><\/div>\n        <\/section>\t\t\t\t<\/div>\n\t\t\t\t<\/div>\n\t\t\t\t\t<\/div>\n\t\t<\/div>\n\t\t\t\t\t<\/div>\n\t\t<\/section>\n\t\t\t\t<section class=\"elementor-section elementor-top-section elementor-element elementor-element-ffe715e elementor-section-boxed elementor-section-height-default elementor-section-height-default\" data-id=\"ffe715e\" data-element_type=\"section\" data-e-type=\"section\">\n\t\t\t\t\t\t<div class=\"elementor-container elementor-column-gap-default\">\n\t\t\t\t\t<div class=\"aux-parallax-section elementor-column elementor-col-100 elementor-top-column elementor-element elementor-element-984e0c5\" data-id=\"984e0c5\" data-element_type=\"column\" data-e-type=\"column\">\n\t\t\t<div class=\"elementor-widget-wrap elementor-element-populated\">\n\t\t\t\t\t\t<div class=\"elementor-element elementor-element-1c83f2c elementor-widget elementor-widget-text-editor\" data-id=\"1c83f2c\" data-element_type=\"widget\" data-e-type=\"widget\" data-widget_type=\"text-editor.default\">\n\t\t\t\t<div class=\"elementor-widget-container\">\n\t\t\t\t\t\t\t\t\t<h4>Selbsthilfegruppen f\u00fcr erwachsene Kinder, die den Kontakt zu ihren Eltern abgebrochen haben:<\/h4>\n<p><a href=\"https:\/\/www.kiss-stuttgart.de\/selbsthilfegruppen-initiativen\/?id=20915&amp;vorlesen=1\" target=\"_blank\" rel=\"noreferrer noopener\" data-type=\"URL\" data-id=\"https:\/\/www.kiss-stuttgart.de\/selbsthilfegruppen-initiativen\/?id=20915&amp;vorlesen=1\">KISS Stuttgart<\/a><\/p>\n<h4><br \/>Selbsthilfegruppen f\u00fcr Eltern von Kindern, die den Kontakt abgebrochen haben:<\/h4>\n<p><!-- \/wp:heading --><\/p>\n<p><!-- wp:paragraph --><\/p>\n<p><a href=\"https:\/\/www.selbsthilfekontaktstellen-lsa.de\/neugruendung-selbsthilfegruppe-verlassene-eltern-wenn-die-eltern-kind-beziehung-auf-eis-liegt\/\" target=\"_blank\" rel=\"noreferrer noopener\" data-type=\"URL\" data-id=\"https:\/\/www.selbsthilfekontaktstellen-lsa.de\/neugruendung-selbsthilfegruppe-verlassene-eltern-wenn-die-eltern-kind-beziehung-auf-eis-liegt\/\">&#8222;Verlassene Eltern &#8211; wenn die Eltern\/Kind-Beziehung auf Eis liegt&#8220;<\/a><\/p>\n<p><!-- \/wp:paragraph --><\/p>\n<p><!-- wp:paragraph --><\/p>\n<p><!-- \/wp:paragraph --><\/p>\n<p><!-- wp:paragraph --><\/p>\n<p><a href=\"https:\/\/www.verlassene-eltern-berlin.com\/\" target=\"_blank\" rel=\"noopener\">Verlassene Eltern Berlin<\/a><br \/><br \/><\/p>\n<h4>Selbsthilfegruppen f\u00fcr sowohl als auch:<\/h4>\n<p><!-- \/wp:paragraph --><\/p>\n<p><!-- wp:heading {\"level\":4} --><\/p>\n<p><a href=\"https:\/\/www.selbsthilfeschweiz.ch\/shch\/de\/selbsthilfe-gesucht\/suche?submitted=true&amp;search=Kontaktabbruch\" target=\"_blank\" rel=\"noreferrer noopener\" data-type=\"URL\" data-id=\"https:\/\/www.selbsthilfeschweiz.ch\/shch\/de\/selbsthilfe-gesucht\/suche?submitted=true&amp;search=Kontaktabbruch\">Schweizer Selbsthilfegruppen<\/a>: Verschiedene Selbsthilfegruppen in der Schweiz<\/p>\n<h4><br \/>Selbsthilfe:<\/h4>\n<p><!-- \/wp:heading --><\/p>\n<p><!-- wp:paragraph --><\/p>\n<p><a href=\"https:\/\/dashausvonmorgen.at\/\" target=\"_blank\" rel=\"noreferrer noopener\">Das Haus von morgen<\/a>: Selbsthilfe bei Kontaktabbruch innerhalb der Familie<\/p>\n<p><!-- \/wp:paragraph --><\/p>\n<p><!-- wp:heading {\"level\":4} --><\/p>\n<h4><br \/>Lesetipps:<\/h4>\n<p><!-- \/wp:heading --><\/p>\n<p><!-- wp:paragraph --><\/p>\n<p><a href=\"https:\/\/www.klett-cotta.de\/autor\/Tina_Soliman\/14027\" target=\"_blank\" rel=\"noreferrer noopener\" data-type=\"URL\" data-id=\"https:\/\/www.klett-cotta.de\/autor\/Tina_Soliman\/14027\">Tina Soliman<\/a>: &#8222;Funkstille&#8220; und &#8222;Der Sturm vor der Stille&#8220; (das &#8222;Wenn&#8220; und &#8222;Warum&#8220; Menschen den Kontakt abbrechen)<br \/><br \/><br \/><br \/>Fehlt hier ein Link, den wir noch unbedingt mit Euch teilen sollten?<br \/><a href=\"mailto:mail@familienausbrecher.de?subject=Linkvorschlag\" target=\"_blank\" rel=\"noopener\">Dann melde Dich bei uns!<\/a> Danke!<\/p>\n<p><!-- \/wp:spacer --><\/p>\n<p><!-- wp:heading {\"textAlign\":\"center\"} --><\/p>\n<p><!-- \/wp:heading --><\/p>\n<p><!-- wp:paragraph --><\/p>\n<p><!-- \/wp:paragraph --><\/p>\n<p><!-- wp:heading {\"level\":4} --><\/p>\n<p>\u00a0<\/p>\t\t\t\t\t\t\t\t<\/div>\n\t\t\t\t<\/div>\n\t\t\t\t\t<\/div>\n\t\t<\/div>\n\t\t\t\t\t<\/div>\n\t\t<\/section>\n\t\t\t\t<\/div>\n\t\t","protected":false},"excerpt":{"rendered":"<p>Wir bieten Gleichgesinnten und Betroffenen eine Plattform, um einander zu finden und in Kontakt zu treten. Dazu nutzen wir auch verschiedene soziale Medien, die ganz unten rechts auf jeder Seite unserer Internetpr\u00e4senz anklickbar sind. Auch pers\u00f6nliche Treffen sind zuk\u00fcnftig geplant. Informationen dazu werden wir zu gegebener Zeit auf der Startseite ver\u00f6ffentlichen. Das erste Treffen wird [&hellip;]<\/p>\n","protected":false},"author":1,"featured_media":0,"parent":0,"menu_order":0,"comment_status":"closed","ping_status":"closed","template":"","meta":{"footnotes":""},"class_list":["post-13","page","type-page","status-publish","hentry"],"_links":{"self":[{"href":"https:\/\/familienausbrecher.de\/index.php?rest_route=\/wp\/v2\/pages\/13","targetHints":{"allow":["GET"]}}],"collection":[{"href":"https:\/\/familienausbrecher.de\/index.php?rest_route=\/wp\/v2\/pages"}],"about":[{"href":"https:\/\/familienausbrecher.de\/index.php?rest_route=\/wp\/v2\/types\/page"}],"author":[{"embeddable":true,"href":"https:\/\/familienausbrecher.de\/index.php?rest_route=\/wp\/v2\/users\/1"}],"replies":[{"embeddable":true,"href":"https:\/\/familienausbrecher.de\/index.php?rest_route=%2Fwp%2Fv2%2Fcomments&post=13"}],"version-history":[{"count":110,"href":"https:\/\/familienausbrecher.de\/index.php?rest_route=\/wp\/v2\/pages\/13\/revisions"}],"predecessor-version":[{"id":1174,"href":"https:\/\/familienausbrecher.de\/index.php?rest_route=\/wp\/v2\/pages\/13\/revisions\/1174"}],"wp:attachment":[{"href":"https:\/\/familienausbrecher.de\/index.php?rest_route=%2Fwp%2Fv2%2Fmedia&parent=13"}],"curies":[{"name":"wp","href":"https:\/\/api.w.org\/{rel}","templated":true}]}}